{"id":96,"date":"2015-07-11T13:28:25","date_gmt":"2015-07-11T13:28:25","guid":{"rendered":"http:\/\/www.akro-kartuzy.pl\/?page_id=96"},"modified":"2018-06-08T10:03:31","modified_gmt":"2018-06-08T10:03:31","slug":"aktualnosci-rabaty","status":"publish","type":"page","link":"https:\/\/www.akro-kartuzy.pl\/?page_id=96","title":{"rendered":"RODO"},"content":{"rendered":"<p style=\"text-align: left;\"><a href=\"http:\/\/www.akro-kartuzy.pl\/wp-content\/uploads\/2015\/07\/image-1.jpeg\"><img loading=\"lazy\" class=\"size-medium wp-image-135 alignright\" src=\"http:\/\/www.akro-kartuzy.pl\/wp-content\/uploads\/2015\/07\/image-1-298x300.jpeg\" alt=\"image\" width=\"298\" height=\"300\" srcset=\"https:\/\/www.akro-kartuzy.pl\/wp-content\/uploads\/2015\/07\/image-1-298x300.jpeg 298w, https:\/\/www.akro-kartuzy.pl\/wp-content\/uploads\/2015\/07\/image-1-150x150.jpeg 150w, https:\/\/www.akro-kartuzy.pl\/wp-content\/uploads\/2015\/07\/image-1-50x50.jpeg 50w, https:\/\/www.akro-kartuzy.pl\/wp-content\/uploads\/2015\/07\/image-1.jpeg 321w\" sizes=\"(max-width: 298px) 100vw, 298px\" \/><\/a><strong>Klauzula informacyjna RODO<\/strong><\/p>\n<p><strong>\u00a0<\/strong><\/p>\n<p>Zgodnie z art. 13 ust. 1 i ust. 2 Rozporz\u0105dzeniem Parlamentu Europejskiego i Rady (UE) 2016\/679 z dnia 27 kwietnia 2016 r. w sprawie ochrony os\u00f3b fizycznych w zwi\u0105zku z przetwarzaniem danych osobowych i w sprawie swobodnego przep\u0142ywu takich danych oraz uchylenia dyrektywy 95\/46\/WE (og\u00f3lne rozporz\u0105dzenie o ochronie danych) og\u00f3lnego rozporz\u0105dzenia o ochronie danych osobowych z dnia 27 kwietnia 2016 r. informujemy, i\u017c:<\/p>\n<ol>\n<li>Administratorem Pa\u0144stwa danych osobowych jest Karol Kolka AKRO ul. Miko\u0142aja Reja 9, 83-300 Kartuzy NIP 589-177-10-31 REGON 220789187<br \/>\nwww.akro-kartuzy.pl e-mail: biuro@akro-kartuzy.pl<\/li>\n<li>Pa\u0144stwa dane osobowe przetwarzane s\u0105 w celu:<\/li>\n<li>a) podj\u0119cia dzia\u0142a\u0144 zwi\u0105zanych z zawarciem i realizacj\u0105 um\u00f3w kupna\/sprzeda\u017cy towar\u00f3w i us\u0142ug oferowanych przez Administratora (zgodnie z art. 6 ust. 1 lit. B) RODO),<\/li>\n<li>b) wykonania ci\u0105\u017c\u0105cych na administratorze obowi\u0105zk\u00f3w prawnych (w szczeg\u00f3lno\u015bci: wystawianie i przechowywanie faktur\/dokument\u00f3w sprzeda\u017cy i innych dokument\u00f3w ksi\u0119gowych),<\/li>\n<li>c) dokonywania rozlicze\u0144 finansowych i weryfikacji wiarygodno\u015bci p\u0142atniczej,<\/li>\n<li>d) w celach marketingowych,<\/li>\n<li>e) zg\u0142aszania ewentualnych reklamacji zwi\u0105zanych z realizacj\u0105 umowy (zgodnie z art. 6 ust. 1 lit b) RODO),<\/li>\n<li>f) ewentualnego dochodzenia roszcze\u0144 (zgodnie z art. 6 ust. 1 lit. b) i f) RODO),<\/li>\n<li>g) tworzenia zestawie\u0144, analiz i statystyk (na potrzeby wewn\u0119trzne Administratora).<\/li>\n<li>Odbiorcami Pa\u0144stwa danych osobowych s\u0105:<\/li>\n<li>a) osoby upowa\u017cnione przez Administratora do przetwarzania danych osobowych w ramach wykonywania swoich obowi\u0105zk\u00f3w s\u0142u\u017cbowych,<\/li>\n<li>b) inne podmioty (np. banki, biura informatyczne, poczta polska, kancelarie prawne itp.), kt\u00f3rym dane s\u0105 przekazywane\/powierzane na podstawie umowy powierzenia przetwarzania danych, z zachowaniem bezpiecze\u0144stwa.<\/li>\n<li>Pa\u0144stwa dane osobowe b\u0119d\u0105 przechowywane przez okres trwania stosunku prawnego pomi\u0119dzy Pa\u0144stwem a Administratorem, przez okres niezb\u0119dny do wykonania umowy\/realizacji us\u0142ug\/realizacji zam\u00f3wie\u0144, a tak\u017ce przez okres wymagany przepisami prawa podatkowego.<\/li>\n<li>Pa\u0144stwa dane osobowe nie b\u0119d\u0105 przekazywane do pa\u0144stwa trzeciego lub organizacji mi\u0119dzynarodowej.<\/li>\n<li>Administrator danych osobowych nie stosuje profilowania.<\/li>\n<li>Posiadaj\u0105 Pa\u0144stwo prawo dost\u0119pu, sprostowania (poprawiania), usuni\u0119cia, ograniczenia przetwarzania lub przenoszenia swoich danych osobowych, a ponadto posiadaj\u0105 Pa\u0144stwo prawo do wniesienia sprzeciwu wobec przetwarzania Pa\u0144stwa danych.<\/li>\n<li>W przypadkach, gdy do przetwarzania danych osobowych konieczne jest wyra\u017cenie zgody, zawsze maj\u0105 Pa\u0144stwo prawo takiej zgody nie wyrazi\u0107, a w przypadku wcze\u015bniejszego wyra\u017cenia, do jej wycofania.<\/li>\n<\/ol>\n<p>Wycofanie zgody nie b\u0119dzie mia\u0142o wp\u0142ywu na przetwarzanie Pa\u0144stwa danych, kt\u00f3rego dokonano przed jej cofni\u0119ciem.<\/p>\n<ol start=\"9\">\n<li>W przypadku, gdy zechc\u0105 Pa\u0144stwo wycofa\u0107 swoje dane osobowe prosimy o przes\u0142anie informacji na adres:<a href=\"mailto:biuro@montana-tools.pl\">\u00a0Karol Kolka AKRO ul. Miko\u0142aja Reja 9, 83-300 Kartuzy, www.akro-kartuzy.pl e-mail: biuro@akro-kartuzy.pl<\/a><\/li>\n<li>Przys\u0142uguje Pa\u0144stwu prawo wniesienia skargi do Prezesa Urz\u0119du Ochrony Danych Osobowych.<\/li>\n<\/ol>\n<p>&nbsp;<\/p>\n<p>&nbsp;<\/p>\n<p>Pozdrawiamy<\/p>\n<p style=\"text-align: left;\">Firma <a href=\"http:\/\/www.akro-kartuzy.pl\/wp-content\/uploads\/2015\/07\/107585_1248173404033_o-e1448713563385.jpg\"><img loading=\"lazy\" class=\"alignnone wp-image-118 size-full\" src=\"http:\/\/www.akro-kartuzy.pl\/wp-content\/uploads\/2015\/07\/107585_1248173404033_o-e1448713594536.jpg\" alt=\"\" width=\"75\" height=\"38\" \/><\/a><\/p>\n","protected":false},"excerpt":{"rendered":"<p>Klauzula informacyjna RODO \u00a0 Zgodnie z art. 13 ust. 1 i ust. 2 Rozporz\u0105dzeniem Parlamentu Europejskiego i Rady (UE) 2016\/679 z dnia 27 kwietnia 2016 r. w sprawie ochrony os\u00f3b fizycznych w zwi\u0105zku z przetwarzaniem danych osobowych i w sprawie swobodnego przep\u0142ywu takich danych oraz uchylenia dyrektywy 95\/46\/WE (og\u00f3lne rozporz\u0105dzenie o ochronie danych) og\u00f3lnego rozporz\u0105dzenia [&hellip;]<\/p>\n","protected":false},"author":1,"featured_media":0,"parent":0,"menu_order":0,"comment_status":"open","ping_status":"open","template":"","meta":[],"_links":{"self":[{"href":"https:\/\/www.akro-kartuzy.pl\/index.php?rest_route=\/wp\/v2\/pages\/96"}],"collection":[{"href":"https:\/\/www.akro-kartuzy.pl\/index.php?rest_route=\/wp\/v2\/pages"}],"about":[{"href":"https:\/\/www.akro-kartuzy.pl\/index.php?rest_route=\/wp\/v2\/types\/page"}],"author":[{"embeddable":true,"href":"https:\/\/www.akro-kartuzy.pl\/index.php?rest_route=\/wp\/v2\/users\/1"}],"replies":[{"embeddable":true,"href":"https:\/\/www.akro-kartuzy.pl\/index.php?rest_route=%2Fwp%2Fv2%2Fcomments&post=96"}],"version-history":[{"count":16,"href":"https:\/\/www.akro-kartuzy.pl\/index.php?rest_route=\/wp\/v2\/pages\/96\/revisions"}],"predecessor-version":[{"id":146,"href":"https:\/\/www.akro-kartuzy.pl\/index.php?rest_route=\/wp\/v2\/pages\/96\/revisions\/146"}],"wp:attachment":[{"href":"https:\/\/www.akro-kartuzy.pl\/index.php?rest_route=%2Fwp%2Fv2%2Fmedia&parent=96"}],"curies":[{"name":"wp","href":"https:\/\/api.w.org\/{rel}","templated":true}]}}