{"id":89,"date":"2015-07-11T12:15:39","date_gmt":"2015-07-11T12:15:39","guid":{"rendered":"http:\/\/www.akro-kartuzy.pl\/?page_id=89"},"modified":"2015-07-11T12:15:39","modified_gmt":"2015-07-11T12:15:39","slug":"inne-prace-wykonczeniowe","status":"publish","type":"page","link":"https:\/\/www.akro-kartuzy.pl\/?page_id=89","title":{"rendered":"Inne prace wyko\u0144czeniowe"},"content":{"rendered":"<p>Wymiana gniazd lub wy\u0142\u0105cznik\u00f3w bez przer\u00f3bek instalacji i puszek.<br \/>\nWymiana \u017cyrandoli, kinkiet\u00f3w lub innych punkt\u00f3w \u015bwietlnych<br \/>\nWymiana klamek i szyld\u00f3w okiennych lub drzwiowych<br \/>\nWymiana lub monta\u017c karniszy<br \/>\nMonta\u017c dodatk\u00f3w \u0142azienkowych np. wieszak na r\u0119czniki mydelniczka.<br \/>\nMonta\u017c luster i suszarek \u0142azienkowych<br \/>\nMonta\u017c rewizji<br \/>\nMonta\u017c karniszy<br \/>\nUk\u0142adanie kaseton\u00f3w<br \/>\nSprz\u0105tanie po remoncie<\/p>\n","protected":false},"excerpt":{"rendered":"<p>Wymiana gniazd lub wy\u0142\u0105cznik\u00f3w bez przer\u00f3bek instalacji i puszek. Wymiana \u017cyrandoli, kinkiet\u00f3w lub innych punkt\u00f3w \u015bwietlnych Wymiana klamek i szyld\u00f3w okiennych lub drzwiowych Wymiana lub monta\u017c karniszy Monta\u017c dodatk\u00f3w \u0142azienkowych np. wieszak na r\u0119czniki mydelniczka. Monta\u017c luster i suszarek \u0142azienkowych Monta\u017c rewizji Monta\u017c karniszy Uk\u0142adanie kaseton\u00f3w Sprz\u0105tanie po remoncie<\/p>\n","protected":false},"author":1,"featured_media":0,"parent":0,"menu_order":0,"comment_status":"open","ping_status":"open","template":"","meta":[],"_links":{"self":[{"href":"https:\/\/www.akro-kartuzy.pl\/index.php?rest_route=\/wp\/v2\/pages\/89"}],"collection":[{"href":"https:\/\/www.akro-kartuzy.pl\/index.php?rest_route=\/wp\/v2\/pages"}],"about":[{"href":"https:\/\/www.akro-kartuzy.pl\/index.php?rest_route=\/wp\/v2\/types\/page"}],"author":[{"embeddable":true,"href":"https:\/\/www.akro-kartuzy.pl\/index.php?rest_route=\/wp\/v2\/users\/1"}],"replies":[{"embeddable":true,"href":"https:\/\/www.akro-kartuzy.pl\/index.php?rest_route=%2Fwp%2Fv2%2Fcomments&post=89"}],"version-history":[{"count":1,"href":"https:\/\/www.akro-kartuzy.pl\/index.php?rest_route=\/wp\/v2\/pages\/89\/revisions"}],"predecessor-version":[{"id":90,"href":"https:\/\/www.akro-kartuzy.pl\/index.php?rest_route=\/wp\/v2\/pages\/89\/revisions\/90"}],"wp:attachment":[{"href":"https:\/\/www.akro-kartuzy.pl\/index.php?rest_route=%2Fwp%2Fv2%2Fmedia&parent=89"}],"curies":[{"name":"wp","href":"https:\/\/api.w.org\/{rel}","templated":true}]}}