{"id":83,"date":"2015-07-11T12:14:00","date_gmt":"2015-07-11T12:14:00","guid":{"rendered":"http:\/\/www.akro-kartuzy.pl\/?page_id=83"},"modified":"2015-07-11T12:14:00","modified_gmt":"2015-07-11T12:14:00","slug":"hydraulika","status":"publish","type":"page","link":"https:\/\/www.akro-kartuzy.pl\/?page_id=83","title":{"rendered":"Hydraulika"},"content":{"rendered":"<p>Wykonanie instalacji wodno \u2013 kanalizacyjnej<br \/>\nUsuwanie starych punkt\u00f3w hydraulicznych (brodzik, zlewozmywak, umywalka, wanna itp).<br \/>\nUsuwanie starej instalacji hydraulicznej wykonanej z metalu (wraz z kuciem)<br \/>\nWykonanie podej\u015b\u0107 wodno \u2013 kanalizacyjnych z plastiku<br \/>\nWykonanie podej\u015bcia wodno \u2013 kanalizacyjnego z miedzi<br \/>\nOdpowietrzanie kanalizacji<br \/>\nMonta\u017c i podej\u015bcie stela\u017ca<br \/>\nZamontowanie zestawu hydroforowego<br \/>\nWykonanie wyj\u015bcia kanalizacji pod \u0142aw\u0105<br \/>\nWykucie oraz wykonanie pion\u00f3w kanalizacyjnych i wodnych<br \/>\nZamontowanie kratek wentylacyjnych<br \/>\nDrobne prace hydrauliczne<br \/>\nWykonanie hydroizolacji foli\u0105 w p\u0142ynie<\/p>\n","protected":false},"excerpt":{"rendered":"<p>Wykonanie instalacji wodno \u2013 kanalizacyjnej Usuwanie starych punkt\u00f3w hydraulicznych (brodzik, zlewozmywak, umywalka, wanna itp). Usuwanie starej instalacji hydraulicznej wykonanej z metalu (wraz z kuciem) Wykonanie podej\u015b\u0107 wodno \u2013 kanalizacyjnych z plastiku Wykonanie podej\u015bcia wodno \u2013 kanalizacyjnego z miedzi Odpowietrzanie kanalizacji Monta\u017c i podej\u015bcie stela\u017ca Zamontowanie zestawu hydroforowego Wykonanie wyj\u015bcia kanalizacji pod \u0142aw\u0105 Wykucie oraz wykonanie [&hellip;]<\/p>\n","protected":false},"author":1,"featured_media":0,"parent":0,"menu_order":0,"comment_status":"open","ping_status":"open","template":"","meta":[],"_links":{"self":[{"href":"https:\/\/www.akro-kartuzy.pl\/index.php?rest_route=\/wp\/v2\/pages\/83"}],"collection":[{"href":"https:\/\/www.akro-kartuzy.pl\/index.php?rest_route=\/wp\/v2\/pages"}],"about":[{"href":"https:\/\/www.akro-kartuzy.pl\/index.php?rest_route=\/wp\/v2\/types\/page"}],"author":[{"embeddable":true,"href":"https:\/\/www.akro-kartuzy.pl\/index.php?rest_route=\/wp\/v2\/users\/1"}],"replies":[{"embeddable":true,"href":"https:\/\/www.akro-kartuzy.pl\/index.php?rest_route=%2Fwp%2Fv2%2Fcomments&post=83"}],"version-history":[{"count":1,"href":"https:\/\/www.akro-kartuzy.pl\/index.php?rest_route=\/wp\/v2\/pages\/83\/revisions"}],"predecessor-version":[{"id":84,"href":"https:\/\/www.akro-kartuzy.pl\/index.php?rest_route=\/wp\/v2\/pages\/83\/revisions\/84"}],"wp:attachment":[{"href":"https:\/\/www.akro-kartuzy.pl\/index.php?rest_route=%2Fwp%2Fv2%2Fmedia&parent=83"}],"curies":[{"name":"wp","href":"https:\/\/api.w.org\/{rel}","templated":true}]}}