{"id":74,"date":"2015-07-11T12:11:40","date_gmt":"2015-07-11T12:11:40","guid":{"rendered":"http:\/\/www.akro-kartuzy.pl\/?page_id=74"},"modified":"2015-07-11T12:11:40","modified_gmt":"2015-07-11T12:11:40","slug":"prace-murarskie-i-tynkarskie","status":"publish","type":"page","link":"https:\/\/www.akro-kartuzy.pl\/?page_id=74","title":{"rendered":"Prace murarskie i tynkarskie"},"content":{"rendered":"<p>Murowanie z ceg\u0142y<br \/>\nWyburzanie \u015bcian z ceg\u0142y o grubo\u015bci nieprzekraczaj\u0105cej 20 cm<br \/>\nMonta\u017c okien<br \/>\nMonta\u017c pustak\u00f3w szklanych<br \/>\nMonta\u017c drewnianych futryn<br \/>\nMonta\u017c drzwi wewn\u0119trznych<br \/>\nMonta\u017c drzwi zewn\u0119trznych<br \/>\nMonta\u017c drzwi pojedynczych wraz z dwustronnym obrobieniem glif\u00f3w<br \/>\nMonta\u017c parapet\u00f3w wewn\u0119trznych<br \/>\nMonta\u017c i demonta\u017c o\u015bcie\u017cnicy<br \/>\nRozbi\u00f3rka starych otwor\u00f3w drzwiowych i okiennych z wywozem gruzu<br \/>\nObrobienie otwor\u00f3w okiennych<br \/>\nObr\u00f3bka otwor\u00f3w drzwiowych i okiennych gotow\u0105 zapraw\u0105 tynkarsk\u0105<br \/>\nObustronne obrabianie glif\u00f3w przy drzwiach<br \/>\nSkuwanie tynku<br \/>\nWykonanie tynk\u00f3w akrylowo-mineralnych<br \/>\nWykonanie tynk\u00f3w ozdobnych<br \/>\nTynkowanie tradycyjne<br \/>\nUzupe\u0142nianie ubytk\u00f3w w tynku, po wyburzonych \u015bcianach i otworach<br \/>\nOcieplanie \u015bcian zewn\u0119trznych<br \/>\nOcieplanie \u015bcian wewn\u0105trz<br \/>\nWykonanie wylewki samopoziomuj\u0105cej<br \/>\nUk\u0142adanie ceg\u0142y klinkierowej<br \/>\nMonta\u017c luksfer\u00f3w<\/p>\n","protected":false},"excerpt":{"rendered":"<p>Murowanie z ceg\u0142y Wyburzanie \u015bcian z ceg\u0142y o grubo\u015bci nieprzekraczaj\u0105cej 20 cm Monta\u017c okien Monta\u017c pustak\u00f3w szklanych Monta\u017c drewnianych futryn Monta\u017c drzwi wewn\u0119trznych Monta\u017c drzwi zewn\u0119trznych Monta\u017c drzwi pojedynczych wraz z dwustronnym obrobieniem glif\u00f3w Monta\u017c parapet\u00f3w wewn\u0119trznych Monta\u017c i demonta\u017c o\u015bcie\u017cnicy Rozbi\u00f3rka starych otwor\u00f3w drzwiowych i okiennych z wywozem gruzu Obrobienie otwor\u00f3w okiennych Obr\u00f3bka otwor\u00f3w [&hellip;]<\/p>\n","protected":false},"author":1,"featured_media":0,"parent":0,"menu_order":0,"comment_status":"open","ping_status":"open","template":"","meta":[],"_links":{"self":[{"href":"https:\/\/www.akro-kartuzy.pl\/index.php?rest_route=\/wp\/v2\/pages\/74"}],"collection":[{"href":"https:\/\/www.akro-kartuzy.pl\/index.php?rest_route=\/wp\/v2\/pages"}],"about":[{"href":"https:\/\/www.akro-kartuzy.pl\/index.php?rest_route=\/wp\/v2\/types\/page"}],"author":[{"embeddable":true,"href":"https:\/\/www.akro-kartuzy.pl\/index.php?rest_route=\/wp\/v2\/users\/1"}],"replies":[{"embeddable":true,"href":"https:\/\/www.akro-kartuzy.pl\/index.php?rest_route=%2Fwp%2Fv2%2Fcomments&post=74"}],"version-history":[{"count":1,"href":"https:\/\/www.akro-kartuzy.pl\/index.php?rest_route=\/wp\/v2\/pages\/74\/revisions"}],"predecessor-version":[{"id":75,"href":"https:\/\/www.akro-kartuzy.pl\/index.php?rest_route=\/wp\/v2\/pages\/74\/revisions\/75"}],"wp:attachment":[{"href":"https:\/\/www.akro-kartuzy.pl\/index.php?rest_route=%2Fwp%2Fv2%2Fmedia&parent=74"}],"curies":[{"name":"wp","href":"https:\/\/api.w.org\/{rel}","templated":true}]}}