{"id":71,"date":"2015-07-11T12:10:16","date_gmt":"2015-07-11T12:10:16","guid":{"rendered":"http:\/\/www.akro-kartuzy.pl\/?page_id=71"},"modified":"2015-07-11T12:10:16","modified_gmt":"2015-07-11T12:10:16","slug":"zabudowy-gipsowe-gladzie","status":"publish","type":"page","link":"https:\/\/www.akro-kartuzy.pl\/?page_id=71","title":{"rendered":"Zabudowy gipsowe, g\u0142adzie"},"content":{"rendered":"<p>G\u0142adzie gipsowe<br \/>\nMonta\u017c sufit\u00f3w podwieszanych na stela\u017cu<br \/>\nMonta\u017c \u015bcianek dzia\u0142owych z p\u0142yt g-k<br \/>\nMonta\u017c p\u0142yt gipsowych na klej<br \/>\nMonta\u017c p\u0142yt g-k na stela\u017cu<br \/>\nMonta\u017c p\u0142yt g-k na stela\u017cu, ocieplenie<br \/>\nKowery z p\u0142yt g-k<br \/>\nDocieplenie poddasza<br \/>\nZabudowy nietypowe o zarysach prostolinijnych<br \/>\nZabudowy nietypowe z elementami \u0142ukowymi<br \/>\nMonta\u017c sufit\u00f3w podwieszanych \u2013 wielopoziomowe<br \/>\nMonta\u017c sztukaterii<br \/>\nMonta\u017c naro\u017cnik\u00f3w aluminiowych<br \/>\nSzpachlowanie siatki zbroj\u0105cej na p\u0119kni\u0119ciach i zarysowaniach<br \/>\nSzpachlowanie \u0142\u0105cze\u0144 p\u0142yt g-k<br \/>\nAkrylowanie<br \/>\nMonta\u017c kaseton\u00f3w typ: Amstrong, Termathex<br \/>\nMonta\u017c \u015bcianki dzia\u0142owej z Ytongu<\/p>\n","protected":false},"excerpt":{"rendered":"<p>G\u0142adzie gipsowe Monta\u017c sufit\u00f3w podwieszanych na stela\u017cu Monta\u017c \u015bcianek dzia\u0142owych z p\u0142yt g-k Monta\u017c p\u0142yt gipsowych na klej Monta\u017c p\u0142yt g-k na stela\u017cu Monta\u017c p\u0142yt g-k na stela\u017cu, ocieplenie Kowery z p\u0142yt g-k Docieplenie poddasza Zabudowy nietypowe o zarysach prostolinijnych Zabudowy nietypowe z elementami \u0142ukowymi Monta\u017c sufit\u00f3w podwieszanych \u2013 wielopoziomowe Monta\u017c sztukaterii Monta\u017c naro\u017cnik\u00f3w aluminiowych [&hellip;]<\/p>\n","protected":false},"author":1,"featured_media":0,"parent":0,"menu_order":0,"comment_status":"open","ping_status":"open","template":"","meta":[],"_links":{"self":[{"href":"https:\/\/www.akro-kartuzy.pl\/index.php?rest_route=\/wp\/v2\/pages\/71"}],"collection":[{"href":"https:\/\/www.akro-kartuzy.pl\/index.php?rest_route=\/wp\/v2\/pages"}],"about":[{"href":"https:\/\/www.akro-kartuzy.pl\/index.php?rest_route=\/wp\/v2\/types\/page"}],"author":[{"embeddable":true,"href":"https:\/\/www.akro-kartuzy.pl\/index.php?rest_route=\/wp\/v2\/users\/1"}],"replies":[{"embeddable":true,"href":"https:\/\/www.akro-kartuzy.pl\/index.php?rest_route=%2Fwp%2Fv2%2Fcomments&post=71"}],"version-history":[{"count":1,"href":"https:\/\/www.akro-kartuzy.pl\/index.php?rest_route=\/wp\/v2\/pages\/71\/revisions"}],"predecessor-version":[{"id":72,"href":"https:\/\/www.akro-kartuzy.pl\/index.php?rest_route=\/wp\/v2\/pages\/71\/revisions\/72"}],"wp:attachment":[{"href":"https:\/\/www.akro-kartuzy.pl\/index.php?rest_route=%2Fwp%2Fv2%2Fmedia&parent=71"}],"curies":[{"name":"wp","href":"https:\/\/api.w.org\/{rel}","templated":true}]}}