{"id":18,"date":"2015-07-10T12:56:51","date_gmt":"2015-07-10T12:56:51","guid":{"rendered":"http:\/\/www.akro-kartuzy.pl\/?page_id=18"},"modified":"2015-07-10T13:14:21","modified_gmt":"2015-07-10T13:14:21","slug":"oferta","status":"publish","type":"page","link":"https:\/\/www.akro-kartuzy.pl\/?page_id=18","title":{"rendered":"Oferta"},"content":{"rendered":"<h3><strong>MALOWANIE, TAPETOWANIE<\/strong><\/h3>\n<table border=\"0\" cellspacing=\"0\" cellpadding=\"4\">\n<colgroup>\n<col width=\"210*\" \/>\n<col width=\"46*\" \/><\/colgroup>\n<tbody>\n<tr valign=\"TOP\">\n<td width=\"82%\">Mycie \u015bcian i sufit\u00f3w, z gruntowaniem<\/td>\n<\/tr>\n<tr valign=\"TOP\">\n<td width=\"82%\">Skrobanie \u015bcian i sufit\u00f3w,<\/td>\n<\/tr>\n<tr valign=\"TOP\">\n<td width=\"82%\">Usuwanie starej farby<\/td>\n<\/tr>\n<tr valign=\"TOP\">\n<td width=\"82%\">Malowanie farb\u0105 emulsyjn\u0105<\/td>\n<\/tr>\n<tr valign=\"TOP\">\n<td width=\"82%\">Malowanie dekoracyjne<\/td>\n<\/tr>\n<tr valign=\"TOP\">\n<td width=\"82%\">Malowanie artystyczne \u015bcian<\/td>\n<\/tr>\n<tr valign=\"TOP\">\n<td width=\"82%\">Malowanie drzwi<\/td>\n<\/tr>\n<tr valign=\"TOP\">\n<td width=\"82%\">Malowanie okien skrzynkowych<\/td>\n<\/tr>\n<tr valign=\"TOP\">\n<td width=\"82%\">Malowanie okien zespolonych<\/td>\n<\/tr>\n<tr valign=\"TOP\">\n<td width=\"82%\">Malowanie grzejnik\u00f3w \u017ceberkowych<\/td>\n<\/tr>\n<tr valign=\"TOP\">\n<td width=\"82%\">Malowanie grzejnik\u00f3w rurowych<\/td>\n<\/tr>\n<tr valign=\"TOP\">\n<td width=\"82%\">Malowanie rur c.o. i kanalizacyjnych<\/td>\n<\/tr>\n<tr valign=\"TOP\">\n<td width=\"82%\">Malowanie podk\u0142adem gruntuj\u0105cym<\/td>\n<\/tr>\n<tr valign=\"TOP\">\n<td width=\"82%\">Malowanie elewacji<\/td>\n<\/tr>\n<tr valign=\"TOP\">\n<td width=\"82%\">Malowanie balustrad lub por\u0119czy balkonowych<\/td>\n<\/tr>\n<tr valign=\"TOP\">\n<td width=\"82%\">Akrylowanie, uszczelnianie szpar<\/td>\n<\/tr>\n<tr valign=\"TOP\">\n<td width=\"82%\">Opalanie starej pow\u0142oki malarskiej na powierzchniach drewnianych<\/td>\n<\/tr>\n<tr valign=\"TOP\">\n<td width=\"82%\">Lakierowanie<\/td>\n<\/tr>\n<tr valign=\"TOP\">\n<td width=\"82%\">Impregnacja drewna<\/td>\n<\/tr>\n<tr valign=\"TOP\">\n<td width=\"82%\">Zrywanie starych tapet<\/td>\n<\/tr>\n<tr valign=\"TOP\">\n<td width=\"82%\">Tapetowanie sufit\u00f3w<\/td>\n<\/tr>\n<tr valign=\"TOP\">\n<td width=\"82%\">Tapetowanie \u015bcian<\/td>\n<\/tr>\n<\/tbody>\n<\/table>\n<p>&nbsp;<\/p>\n<h3>ZABUDOWY GIPSOWE, G\u0141ADZIE<\/h3>\n<table border=\"0\" cellspacing=\"0\" cellpadding=\"4\">\n<colgroup>\n<col width=\"210*\" \/>\n<col width=\"46*\" \/><\/colgroup>\n<tbody>\n<tr valign=\"TOP\">\n<td width=\"82%\">G\u0142adzie gipsowe<\/td>\n<\/tr>\n<tr valign=\"TOP\">\n<td width=\"82%\">Monta\u017c sufit\u00f3w podwieszanych na stela\u017cu<\/td>\n<\/tr>\n<tr valign=\"TOP\">\n<td width=\"82%\">Monta\u017c \u015bcianek dzia\u0142owych z p\u0142yt g-k<\/td>\n<\/tr>\n<tr valign=\"TOP\">\n<td width=\"82%\">Monta\u017c p\u0142yt gipsowych na klej<\/td>\n<\/tr>\n<tr valign=\"TOP\">\n<td width=\"82%\">Monta\u017c p\u0142yt g-k na stela\u017cu<\/td>\n<\/tr>\n<tr valign=\"TOP\">\n<td width=\"82%\">Monta\u017c p\u0142yt g-k na stela\u017cu, ocieplenie<\/td>\n<\/tr>\n<tr valign=\"TOP\">\n<td width=\"82%\">Kowery z p\u0142yt g-k<\/td>\n<\/tr>\n<tr valign=\"TOP\">\n<td width=\"82%\">Docieplenie poddasza<\/td>\n<\/tr>\n<tr valign=\"TOP\">\n<td width=\"82%\">Zabudowy nietypowe o zarysach prostolinijnych<\/td>\n<\/tr>\n<tr valign=\"TOP\">\n<td width=\"82%\">Zabudowy nietypowe z elementami \u0142ukowymi<\/td>\n<\/tr>\n<tr valign=\"TOP\">\n<td width=\"82%\">Monta\u017c sufit\u00f3w podwieszanych &#8211; wielopoziomowe<\/td>\n<\/tr>\n<tr valign=\"TOP\">\n<td width=\"82%\">Monta\u017c sztukaterii<\/td>\n<\/tr>\n<tr valign=\"TOP\">\n<td width=\"82%\">Monta\u017c naro\u017cnik\u00f3w aluminiowych<\/td>\n<\/tr>\n<tr valign=\"TOP\">\n<td width=\"82%\">Szpachlowanie siatki zbroj\u0105cej na p\u0119kni\u0119ciach i zarysowaniach<\/td>\n<\/tr>\n<tr valign=\"TOP\">\n<td width=\"82%\">Szpachlowanie \u0142\u0105cze\u0144 p\u0142yt g-k<\/td>\n<\/tr>\n<tr valign=\"TOP\">\n<td width=\"82%\">Akrylowanie<\/td>\n<\/tr>\n<tr valign=\"TOP\">\n<td width=\"82%\">Monta\u017c kaseton\u00f3w typ: Amstrong, Termathex<\/td>\n<\/tr>\n<tr valign=\"TOP\">\n<td width=\"82%\">Monta\u017c \u015bcianki dzia\u0142owej z Ytongu<\/td>\n<\/tr>\n<\/tbody>\n<\/table>\n<p>&nbsp;<\/p>\n<h3><strong>PRACE MURARSKIE I TYNKARSKIE<\/strong><\/h3>\n<table border=\"0\" cellspacing=\"0\" cellpadding=\"4\">\n<colgroup>\n<col width=\"190*\" \/>\n<col width=\"66*\" \/><\/colgroup>\n<tbody>\n<tr valign=\"TOP\">\n<td width=\"74%\">Murowanie z ceg\u0142y<\/td>\n<\/tr>\n<tr valign=\"TOP\">\n<td width=\"74%\">Wyburzanie \u015bcian z ceg\u0142y o grubo\u015bci nieprzekraczaj\u0105cej 20 cm<\/td>\n<\/tr>\n<tr valign=\"TOP\">\n<td width=\"74%\">Monta\u017c okien<\/td>\n<\/tr>\n<tr valign=\"TOP\">\n<td width=\"74%\">Monta\u017c pustak\u00f3w szklanych<\/td>\n<\/tr>\n<tr valign=\"TOP\">\n<td width=\"74%\">Monta\u017c drewnianych futryn<\/td>\n<\/tr>\n<tr valign=\"TOP\">\n<td width=\"74%\">Monta\u017c drzwi wewn\u0119trznych<\/td>\n<\/tr>\n<tr valign=\"TOP\">\n<td width=\"74%\">Monta\u017c drzwi zewn\u0119trznych<\/td>\n<\/tr>\n<tr valign=\"TOP\">\n<td width=\"74%\">Monta\u017c drzwi pojedynczych wraz z dwustronnym obrobieniem glif\u00f3w<\/td>\n<\/tr>\n<tr valign=\"TOP\">\n<td width=\"74%\">Monta\u017c parapet\u00f3w wewn\u0119trznych<\/td>\n<\/tr>\n<tr valign=\"TOP\">\n<td width=\"74%\">Monta\u017c i demonta\u017c o\u015bcie\u017cnicy<\/td>\n<\/tr>\n<tr valign=\"TOP\">\n<td width=\"74%\">Rozbi\u00f3rka starych otwor\u00f3w drzwiowych i okiennych z wywozem gruzu<\/td>\n<\/tr>\n<tr valign=\"TOP\">\n<td width=\"74%\">Obrobienie otwor\u00f3w okiennych<\/td>\n<\/tr>\n<tr valign=\"TOP\">\n<td width=\"74%\">Obr\u00f3bka otwor\u00f3w drzwiowych i okiennych gotow\u0105 zapraw\u0105 tynkarsk\u0105<\/td>\n<\/tr>\n<tr valign=\"TOP\">\n<td width=\"74%\">Obustronne obrabianie glif\u00f3w przy drzwiach<\/td>\n<\/tr>\n<tr valign=\"TOP\">\n<td width=\"74%\">Skuwanie tynku<\/td>\n<\/tr>\n<tr valign=\"TOP\">\n<td width=\"74%\">Wykonanie tynk\u00f3w akrylowo-mineralnych<\/td>\n<\/tr>\n<tr valign=\"TOP\">\n<td width=\"74%\">Wykonanie tynk\u00f3w ozdobnych<\/td>\n<\/tr>\n<tr valign=\"TOP\">\n<td width=\"74%\">Tynkowanie tradycyjne<\/td>\n<\/tr>\n<tr valign=\"TOP\">\n<td width=\"74%\">Uzupe\u0142nianie ubytk\u00f3w w tynku, po wyburzonych \u015bcianach i otworach<\/td>\n<\/tr>\n<tr valign=\"TOP\">\n<td width=\"74%\">Ocieplanie \u015bcian zewn\u0119trznych<\/td>\n<\/tr>\n<tr valign=\"TOP\">\n<td width=\"74%\">Ocieplanie \u015bcian wewn\u0105trz<\/td>\n<\/tr>\n<tr valign=\"TOP\">\n<td width=\"74%\">Wykonanie wylewki samopoziomuj\u0105cej<\/td>\n<\/tr>\n<tr valign=\"TOP\">\n<td width=\"74%\">Uk\u0142adanie ceg\u0142y klinkierowej<\/td>\n<\/tr>\n<tr valign=\"TOP\">\n<td width=\"74%\">Monta\u017c luksfer\u00f3w<\/td>\n<\/tr>\n<\/tbody>\n<\/table>\n<p>&nbsp;<\/p>\n<h3><strong>\u015aCIANY I POD\u0141OGI<\/strong><\/h3>\n<table border=\"0\" cellspacing=\"0\" cellpadding=\"4\">\n<colgroup>\n<col width=\"208*\" \/>\n<col width=\"48*\" \/><\/colgroup>\n<tbody>\n<tr valign=\"TOP\">\n<td width=\"81%\">Po\u0142o\u017cenie wyk\u0142adziny dywanowej<\/td>\n<\/tr>\n<tr valign=\"TOP\">\n<td width=\"81%\">Listwy wyko\u0144czeniowe o\u015bcie\u017cnic<\/td>\n<\/tr>\n<tr valign=\"TOP\">\n<td width=\"81%\">Monta\u017c paneli pod\u0142ogowych<\/td>\n<\/tr>\n<tr valign=\"TOP\">\n<td width=\"81%\">Monta\u017c paneli \u015bciennych<\/td>\n<\/tr>\n<tr valign=\"TOP\">\n<td width=\"81%\">Zrywanie p\u0142ytek PCV<\/td>\n<\/tr>\n<tr valign=\"TOP\">\n<td width=\"81%\">Uk\u0142adanie deski<\/td>\n<\/tr>\n<tr valign=\"TOP\">\n<td width=\"81%\">Podcinanie drzwi<\/td>\n<\/tr>\n<tr valign=\"TOP\">\n<td width=\"81%\">Monta\u017c prog\u00f3w<\/td>\n<\/tr>\n<tr valign=\"TOP\">\n<td width=\"81%\">Uk\u0142adanie parkietu<\/td>\n<\/tr>\n<tr valign=\"TOP\">\n<td width=\"81%\">Uk\u0142adanie mozaiki<\/td>\n<\/tr>\n<tr valign=\"TOP\">\n<td width=\"81%\">Zrywanie starych wyk\u0142adzin<\/td>\n<\/tr>\n<tr valign=\"TOP\">\n<td width=\"81%\">\u015aci\u0105ganie starego parkietu<\/td>\n<\/tr>\n<tr valign=\"TOP\">\n<td width=\"81%\">Obsadzanie parapet\u00f3w na piank\u0119 z reperacjami<\/td>\n<\/tr>\n<tr valign=\"TOP\">\n<td width=\"81%\">Wykonanie rusztu z listew i monta\u017c boazerii z drewna<\/td>\n<\/tr>\n<tr valign=\"TOP\">\n<td width=\"81%\">Szlifowanie boazerii\u00a0 i lakierowanie<\/td>\n<\/tr>\n<tr valign=\"TOP\">\n<td width=\"81%\">Wstawienie listew dylatacyjnych<\/td>\n<\/tr>\n<tr valign=\"TOP\">\n<td width=\"81%\">Po\u0142o\u017cenie wyk\u0142adziny typ (PCV)<\/td>\n<\/tr>\n<tr valign=\"TOP\">\n<td width=\"81%\">Monta\u017c coko\u0142\u00f3w z doci\u0119ciem i przyklejeniem paska wyk\u0142adziny<\/td>\n<\/tr>\n<tr valign=\"TOP\">\n<td width=\"81%\">Cyklinowanie i lakierowanie<\/td>\n<\/tr>\n<\/tbody>\n<\/table>\n<p>&nbsp;<\/p>\n<h3><strong>FLIZOWANIE<\/strong><\/h3>\n<table border=\"0\" cellspacing=\"0\" cellpadding=\"4\">\n<colgroup>\n<col width=\"533\" \/>\n<col width=\"147\" \/><\/colgroup>\n<tbody>\n<tr valign=\"TOP\">\n<td width=\"533\">Usuwanie starej glazury i terakoty<\/td>\n<\/tr>\n<tr valign=\"TOP\">\n<td width=\"533\">Wyr\u00f3wnanie, tynkowanie i przygotowanie \u015bcian do po\u0142o\u017cenia nowej glazury<\/td>\n<\/tr>\n<tr valign=\"TOP\">\n<td width=\"533\">Uk\u0142adanie p\u0142ytek<\/td>\n<\/tr>\n<tr valign=\"TOP\">\n<td width=\"533\">Uk\u0142adanie glazury i terakoty<\/td>\n<\/tr>\n<tr valign=\"TOP\">\n<td width=\"533\">Uk\u0142adanie gresu<\/td>\n<\/tr>\n<tr valign=\"TOP\">\n<td width=\"533\">Uk\u0142adanie mozaiki<\/td>\n<\/tr>\n<tr valign=\"TOP\">\n<td width=\"533\">Uk\u0142adanie glazury i terakoty na schodach<\/td>\n<\/tr>\n<tr valign=\"TOP\">\n<td width=\"533\">Wykonanie coko\u0142\u00f3w ci\u0119tych<\/td>\n<\/tr>\n<tr valign=\"TOP\">\n<td width=\"533\">Wykonanie otwor\u00f3w w glazurze, gresie i terakocie<\/td>\n<\/tr>\n<tr valign=\"TOP\">\n<td width=\"533\">Wklejenie dekor\u00f3w<\/td>\n<\/tr>\n<tr valign=\"TOP\">\n<td width=\"533\">Wykonanie p\u00f3\u0142ki z glazury<\/td>\n<\/tr>\n<tr valign=\"TOP\">\n<td width=\"533\">Fugowanie<\/td>\n<\/tr>\n<tr valign=\"TOP\">\n<td width=\"533\">Obudowa wanny klasycznej<\/td>\n<\/tr>\n<tr valign=\"TOP\">\n<td width=\"533\">Obudowa wanny p\u00f3\u0142okr\u0105g\u0142ej<\/td>\n<\/tr>\n<tr valign=\"TOP\">\n<td width=\"533\">Obudowa brodzika<\/td>\n<\/tr>\n<tr valign=\"TOP\">\n<td width=\"533\">Wykonanie posadzki samopoziomuj\u0105cej<\/td>\n<\/tr>\n<tr valign=\"TOP\">\n<td width=\"533\">Szlifowanie naro\u017cnik\u00f3w<\/td>\n<\/tr>\n<tr valign=\"TOP\">\n<td width=\"533\">Monta\u017c listew naro\u017cnych<\/td>\n<\/tr>\n<tr valign=\"TOP\">\n<td width=\"533\">Wykonanie rewizji na magnesach<\/td>\n<\/tr>\n<\/tbody>\n<\/table>\n<p>&nbsp;<\/p>\n<h3><strong>HYDRAULIKA<\/strong><\/h3>\n<table style=\"height: 438px;\" border=\"0\" width=\"785\" cellspacing=\"0\" cellpadding=\"4\">\n<colgroup>\n<col width=\"212*\" \/>\n<col width=\"44*\" \/><\/colgroup>\n<tbody>\n<tr valign=\"TOP\">\n<td width=\"83%\">Wykonanie instalacji wodno \u2013 kanalizacyjnej<\/td>\n<\/tr>\n<tr valign=\"TOP\">\n<td width=\"83%\">Usuwanie starych punkt\u00f3w hydraulicznych (brodzik, zlewozmywak, umywalka, wanna itp).<\/td>\n<\/tr>\n<tr valign=\"TOP\">\n<td width=\"83%\">Usuwanie starej instalacji hydraulicznej wykonanej z metalu (wraz z kuciem)<\/td>\n<\/tr>\n<tr valign=\"TOP\">\n<td width=\"83%\">Wykonanie podej\u015b\u0107 wodno \u2013 kanalizacyjnych z plastiku<\/td>\n<\/tr>\n<tr valign=\"TOP\">\n<td width=\"83%\">Wykonanie podej\u015bcia wodno \u2013 kanalizacyjnego z miedzi<\/td>\n<\/tr>\n<tr valign=\"TOP\">\n<td width=\"83%\">Odpowietrzanie kanalizacji<\/td>\n<\/tr>\n<tr valign=\"TOP\">\n<td width=\"83%\">Monta\u017c i podej\u015bcie stela\u017ca<\/td>\n<\/tr>\n<tr valign=\"TOP\">\n<td width=\"83%\">Zamontowanie zestawu hydroforowego<\/td>\n<\/tr>\n<tr valign=\"TOP\">\n<td width=\"83%\">Wykonanie wyj\u015bcia kanalizacji pod \u0142aw\u0105<\/td>\n<\/tr>\n<tr valign=\"TOP\">\n<td width=\"83%\">Wykucie oraz wykonanie pion\u00f3w kanalizacyjnych i wodnych<\/td>\n<\/tr>\n<tr valign=\"TOP\">\n<td width=\"83%\">Zamontowanie kratek wentylacyjnych<\/td>\n<\/tr>\n<tr valign=\"TOP\">\n<td width=\"83%\">Drobne prace hydrauliczne<\/td>\n<\/tr>\n<tr valign=\"TOP\">\n<td width=\"83%\">Wykonanie hydroizolacji foli\u0105 w p\u0142ynie<\/td>\n<\/tr>\n<\/tbody>\n<\/table>\n<p>&nbsp;<\/p>\n<h3><strong>BIA\u0141Y MONTA\u017b URZ\u0104DZE\u0143 SANITARNYCH<\/strong><\/h3>\n<table style=\"height: 316px;\" border=\"0\" width=\"515\" cellspacing=\"0\" cellpadding=\"4\">\n<colgroup>\n<col width=\"195*\" \/>\n<col width=\"61*\" \/><\/colgroup>\n<tbody>\n<tr valign=\"TOP\">\n<td width=\"76%\">Monta\u017c Geberitu<\/td>\n<\/tr>\n<tr valign=\"TOP\">\n<td width=\"76%\">Zamontowanie bidetu, sedesu<\/td>\n<\/tr>\n<tr valign=\"TOP\">\n<td width=\"76%\">Zamontowanie umywalki lub zlewozmywaka<\/td>\n<\/tr>\n<tr valign=\"TOP\">\n<td width=\"76%\">Monta\u017c wanny wraz bateri\u0105<\/td>\n<\/tr>\n<tr valign=\"TOP\">\n<td width=\"76%\">Monta\u017c wanny z hydromasa\u017cem<\/td>\n<\/tr>\n<tr valign=\"TOP\">\n<td width=\"76%\">Monta\u017c brodzika razem z kabin\u0105 i bateri\u0105 prysznicow\u0105<\/td>\n<\/tr>\n<tr valign=\"TOP\">\n<td width=\"76%\">Zamontowanie baterii \u0142azienkowej lub kuchennej<\/td>\n<\/tr>\n<tr valign=\"TOP\">\n<td width=\"76%\">Instalacja panelu prysznicowego<\/td>\n<\/tr>\n<tr valign=\"TOP\">\n<td width=\"76%\">Instalacja panelu prysznicowego z hydromasa\u017cem<\/td>\n<\/tr>\n<\/tbody>\n<\/table>\n<p><strong><br \/>\nINNE PRACE WYKO\u0143CZENIOWE<\/strong><\/p>\n<table border=\"0\" cellspacing=\"0\" cellpadding=\"4\">\n<colgroup>\n<col width=\"128*\" \/>\n<col width=\"128*\" \/><\/colgroup>\n<tbody>\n<tr valign=\"TOP\">\n<td width=\"50%\">Wymiana gniazd lub wy\u0142\u0105cznik\u00f3w bez przer\u00f3bek instalacji i puszek.<\/td>\n<\/tr>\n<tr valign=\"TOP\">\n<td width=\"50%\">Wymiana \u017cyrandoli, kinkiet\u00f3w lub innych punkt\u00f3w \u015bwietlnych<\/td>\n<\/tr>\n<tr valign=\"TOP\">\n<td width=\"50%\">Wymiana klamek i szyld\u00f3w okiennych lub drzwiowych<\/td>\n<\/tr>\n<tr valign=\"TOP\">\n<td width=\"50%\">Wymiana lub monta\u017c karniszy<\/td>\n<\/tr>\n<tr valign=\"TOP\">\n<td width=\"50%\">Monta\u017c dodatk\u00f3w \u0142azienkowych np. wieszak na r\u0119czniki mydelniczka.<\/td>\n<\/tr>\n<tr valign=\"TOP\">\n<td width=\"50%\">Monta\u017c luster i suszarek \u0142azienkowych<\/td>\n<\/tr>\n<tr valign=\"TOP\">\n<td width=\"50%\">Monta\u017c rewizji<\/td>\n<\/tr>\n<tr valign=\"TOP\">\n<td width=\"50%\">Monta\u017c karniszy<\/td>\n<\/tr>\n<tr valign=\"TOP\">\n<td width=\"50%\">Uk\u0142adanie kaseton\u00f3w<\/td>\n<\/tr>\n<tr valign=\"TOP\">\n<td width=\"50%\">Sprz\u0105tanie po remoncie<\/td>\n<\/tr>\n<\/tbody>\n<\/table>\n","protected":false},"excerpt":{"rendered":"<p>MALOWANIE, TAPETOWANIE Mycie \u015bcian i sufit\u00f3w, z gruntowaniem Skrobanie \u015bcian i sufit\u00f3w, Usuwanie starej farby Malowanie farb\u0105 emulsyjn\u0105 Malowanie dekoracyjne Malowanie artystyczne \u015bcian Malowanie drzwi Malowanie okien skrzynkowych Malowanie okien zespolonych Malowanie grzejnik\u00f3w \u017ceberkowych Malowanie grzejnik\u00f3w rurowych Malowanie rur c.o. i kanalizacyjnych Malowanie podk\u0142adem gruntuj\u0105cym Malowanie elewacji Malowanie balustrad lub por\u0119czy balkonowych Akrylowanie, uszczelnianie szpar [&hellip;]<\/p>\n","protected":false},"author":1,"featured_media":0,"parent":0,"menu_order":0,"comment_status":"open","ping_status":"open","template":"","meta":[],"_links":{"self":[{"href":"https:\/\/www.akro-kartuzy.pl\/index.php?rest_route=\/wp\/v2\/pages\/18"}],"collection":[{"href":"https:\/\/www.akro-kartuzy.pl\/index.php?rest_route=\/wp\/v2\/pages"}],"about":[{"href":"https:\/\/www.akro-kartuzy.pl\/index.php?rest_route=\/wp\/v2\/types\/page"}],"author":[{"embeddable":true,"href":"https:\/\/www.akro-kartuzy.pl\/index.php?rest_route=\/wp\/v2\/users\/1"}],"replies":[{"embeddable":true,"href":"https:\/\/www.akro-kartuzy.pl\/index.php?rest_route=%2Fwp%2Fv2%2Fcomments&post=18"}],"version-history":[{"count":3,"href":"https:\/\/www.akro-kartuzy.pl\/index.php?rest_route=\/wp\/v2\/pages\/18\/revisions"}],"predecessor-version":[{"id":35,"href":"https:\/\/www.akro-kartuzy.pl\/index.php?rest_route=\/wp\/v2\/pages\/18\/revisions\/35"}],"wp:attachment":[{"href":"https:\/\/www.akro-kartuzy.pl\/index.php?rest_route=%2Fwp%2Fv2%2Fmedia&parent=18"}],"curies":[{"name":"wp","href":"https:\/\/api.w.org\/{rel}","templated":true}]}}